{"id":2061,"date":"2021-10-16T14:32:33","date_gmt":"2021-10-16T14:32:33","guid":{"rendered":"https:\/\/www.okoconsulting.hu\/who-are-we\/"},"modified":"2021-10-16T14:33:48","modified_gmt":"2021-10-16T14:33:48","slug":"who-are-we","status":"publish","type":"page","link":"https:\/\/www.okoconsulting.hu\/en\/who-are-we\/","title":{"rendered":"Who are we"},"content":{"rendered":"<p><div class=\"fusion-fullwidth fullwidth-box fusion-builder-row-1 fusion-flex-container nonhundred-percent-fullwidth non-hundred-percent-height-scrolling\" style=\"--awb-background-position:left top;--awb-border-sizes-top:0px;--awb-border-sizes-bottom:0px;--awb-border-sizes-left:0px;--awb-border-sizes-right:0px;--awb-border-radius-top-left:0px;--awb-border-radius-top-right:0px;--awb-border-radius-bottom-right:0px;--awb-border-radius-bottom-left:0px;--awb-padding-bottom:50px;\" ><div class=\"fusion-builder-row fusion-row fusion-flex-align-items-flex-start fusion-flex-justify-content-center\" style=\"max-width:1216.8px;margin-left: calc(-4% \/ 2 );margin-right: calc(-4% \/ 2 );\"><div class=\"fusion-layout-column fusion_builder_column fusion-builder-column-0 fusion_builder_column_2_3 2_3 fusion-flex-column\" style=\"--awb-bg-size:cover;--awb-width-large:66.666666666667%;--awb-margin-top-large:2%;--awb-spacing-right-large:2.88%;--awb-margin-bottom-large:20px;--awb-spacing-left-large:2.88%;--awb-width-medium:100%;--awb-spacing-right-medium:1.92%;--awb-spacing-left-medium:1.92%;--awb-width-small:100%;--awb-spacing-right-small:1.92%;--awb-spacing-left-small:1.92%;\"><div class=\"fusion-column-wrapper fusion-flex-justify-content-center fusion-content-layout-column\"><div class=\"fusion-title title fusion-title-1 fusion-sep-none fusion-title-center fusion-title-text fusion-title-size-two\"><h2 class=\"title-heading-center fusion-responsive-typography-calculated\" style=\"margin:0;--fontSize:36;line-height:1.1;\"><h1 style=\"text-align: center;\">Who are we<\/h1><\/h2><\/div><div class=\"fusion-separator\" style=\"align-self: center;margin-left: auto;margin-right: auto;margin-top:0px;margin-bottom:50px;width:100%;max-width:120px;\"><div class=\"fusion-separator-border sep-single sep-solid\" style=\"--awb-height:20px;--awb-amount:20px;border-color:#a5b52d;border-top-width:4px;\"><\/div><\/div><div class=\"fusion-text fusion-text-1\" style=\"--awb-font-size:17px;\"><p>We are a privately owned, fast responding and flexible company of experienced professionals. We provide a full range of project management services for investments with complex technology needs.<\/p>\n<p>Maintaining personal, customer proximity, we are moving in the direction of being a key player on the project management market.<\/p>\n<p>Our goal is to represent the interests of the Investor \/ Owner and to help implement the Project within the agreed timeframe and budget.<\/p>\n<\/div><div class=\"fusion-text fusion-text-2\" style=\"--awb-font-size:17px;\"><p>Our staff has significant experience in industrial-scale investment services in the renewable energy, vegetable oil, food and chemical industries.<\/p>\n<p>We have participated in several domestic and international investments, experiencing various aspects and industry standards of project management services.<\/p>\n<p>Our spectrum of services ranges from idea to licensing and construction to operation.<\/p>\n<\/div><div class=\"fusion-text fusion-text-3\"><p><em>So we save you time, energy and ultimately money by taking the day-to-day problems of the investment off your shoulders with the help of our Project managers.<\/em><\/p>\n<\/div><div class=\"fusion-text fusion-text-4\" style=\"--awb-margin-top:50px;\"><h2 style=\"text-align: center;\">Members of our professional staff:<\/h2>\n<\/div><div class=\"fusion-text fusion-text-5 fusion-text-no-margin\" style=\"--awb-margin-right:50px;--awb-margin-bottom:50px;--awb-margin-left:50px;\"><ul>\n<li>Project Managers with Engineering Degree<\/li>\n<li>Construction engineering supervision<\/li>\n<li>Technical Supervisors<\/li>\n<li>EHS professionals<\/li>\n<li>Designers<\/li>\n<\/ul>\n<\/div><div class=\"fusion-text fusion-text-6\" style=\"--awb-font-size:20px;--awb-margin-top:50px;\"><p style=\"text-align: center;\">\u00d6ko Consulting Tan\u00e1csad\u00f3 Ltd.<\/p>\n<p style=\"text-align: center;\">Established: 2008<\/p>\n<\/div><\/div><\/div><\/div><\/div><div class=\"fusion-bg-parallax\" data-bg-align=\"center center\" data-direction=\"up\" data-mute=\"false\" data-opacity=\"100\" data-velocity=\"-0.6\" data-mobile-enabled=\"false\" data-break_parents=\"0\" data-bg-image=\"https:\/\/www.okoconsulting.hu\/wp-content\/uploads\/irodahaz-udvar-1.jpg\" data-bg-repeat=\"false\" ><\/div><div class=\"fusion-fullwidth fullwidth-box fusion-builder-row-2 fusion-flex-container fusion-parallax-up nonhundred-percent-fullwidth non-hundred-percent-height-scrolling lazyload\" style=\"--awb-border-sizes-top:0px;--awb-border-sizes-bottom:0px;--awb-border-sizes-left:0px;--awb-border-sizes-right:0px;--awb-border-radius-top-left:0px;--awb-border-radius-top-right:0px;--awb-border-radius-bottom-right:0px;--awb-border-radius-bottom-left:0px;--awb-padding-top:140px;--awb-padding-bottom:80px;--awb-min-height:700px;--awb-background-size:cover;\" data-bg=\"https:\/\/www.okoconsulting.hu\/wp-content\/uploads\/irodahaz-udvar-1.jpg\" ><div class=\"fusion-builder-row fusion-row fusion-flex-align-items-flex-start\" style=\"max-width:1216.8px;margin-left: calc(-4% \/ 2 );margin-right: calc(-4% \/ 2 );\"><div class=\"fusion-layout-column fusion_builder_column fusion-builder-column-1 fusion_builder_column_1_3 1_3 fusion-flex-column\" style=\"--awb-bg-size:cover;--awb-width-large:33.333333333333%;--awb-margin-top-large:0px;--awb-spacing-right-large:5.76%;--awb-margin-bottom-large:30px;--awb-spacing-left-large:5.76%;--awb-width-medium:100%;--awb-spacing-right-medium:1.92%;--awb-spacing-left-medium:1.92%;--awb-width-small:100%;--awb-spacing-right-small:1.92%;--awb-spacing-left-small:1.92%;\"><div class=\"fusion-column-wrapper fusion-flex-justify-content-flex-start fusion-content-layout-column\"><\/div><\/div><div class=\"fusion-layout-column fusion_builder_column fusion-builder-column-2 fusion_builder_column_1_3 1_3 fusion-flex-column\" style=\"--awb-bg-size:cover;--awb-width-large:33.333333333333%;--awb-margin-top-large:0px;--awb-spacing-right-large:5.76%;--awb-margin-bottom-large:30px;--awb-spacing-left-large:5.76%;--awb-width-medium:100%;--awb-spacing-right-medium:1.92%;--awb-spacing-left-medium:1.92%;--awb-width-small:100%;--awb-spacing-right-small:1.92%;--awb-spacing-left-small:1.92%;\"><div class=\"fusion-column-wrapper fusion-flex-justify-content-flex-start fusion-content-layout-column\"><\/div><\/div><div class=\"fusion-layout-column fusion_builder_column fusion-builder-column-3 fusion_builder_column_1_3 1_3 fusion-flex-column\" style=\"--awb-bg-size:cover;--awb-width-large:33.333333333333%;--awb-margin-top-large:0px;--awb-spacing-right-large:5.76%;--awb-margin-bottom-large:30px;--awb-spacing-left-large:5.76%;--awb-width-medium:100%;--awb-spacing-right-medium:1.92%;--awb-spacing-left-medium:1.92%;--awb-width-small:100%;--awb-spacing-right-small:1.92%;--awb-spacing-left-small:1.92%;\"><div class=\"fusion-column-wrapper fusion-flex-justify-content-flex-start fusion-content-layout-column\"><\/div><\/div><\/div><\/div><\/p>\n","protected":false},"excerpt":{"rendered":"","protected":false},"author":1,"featured_media":0,"parent":0,"menu_order":0,"comment_status":"closed","ping_status":"closed","template":"100-width.php","meta":[],"yoast_head":"<!-- This site is optimized with the Yoast SEO plugin v20.12 - https:\/\/yoast.com\/wordpress\/plugins\/seo\/ -->\n<title>Who are we - \u00d6ko Consulting Beruh\u00e1z\u00e1si Projekt Menedzsment<\/title>\n<meta name=\"robots\" content=\"index, follow, max-snippet:-1, max-image-preview:large, max-video-preview:-1\" \/>\n<link rel=\"canonical\" href=\"https:\/\/www.okoconsulting.hu\/en\/who-are-we\/\" \/>\n<meta property=\"og:locale\" content=\"en_US\" \/>\n<meta property=\"og:type\" content=\"article\" \/>\n<meta property=\"og:title\" content=\"Who are we - \u00d6ko Consulting Beruh\u00e1z\u00e1si Projekt Menedzsment\" \/>\n<meta property=\"og:url\" content=\"https:\/\/www.okoconsulting.hu\/en\/who-are-we\/\" \/>\n<meta property=\"og:site_name\" content=\"\u00d6ko Consulting Beruh\u00e1z\u00e1si Projekt Menedzsment\" \/>\n<meta property=\"article:modified_time\" content=\"2021-10-16T14:33:48+00:00\" \/>\n<meta name=\"twitter:card\" content=\"summary_large_image\" \/>\n<meta name=\"twitter:label1\" content=\"Est. reading time\" \/>\n\t<meta name=\"twitter:data1\" content=\"7 minutes\" \/>\n<script type=\"application\/ld+json\" class=\"yoast-schema-graph\">{\"@context\":\"https:\/\/schema.org\",\"@graph\":[{\"@type\":\"WebPage\",\"@id\":\"https:\/\/www.okoconsulting.hu\/en\/who-are-we\/\",\"url\":\"https:\/\/www.okoconsulting.hu\/en\/who-are-we\/\",\"name\":\"Who are we - \u00d6ko Consulting Beruh\u00e1z\u00e1si Projekt Menedzsment\",\"isPartOf\":{\"@id\":\"https:\/\/www.okoconsulting.hu\/#website\"},\"datePublished\":\"2021-10-16T14:32:33+00:00\",\"dateModified\":\"2021-10-16T14:33:48+00:00\",\"breadcrumb\":{\"@id\":\"https:\/\/www.okoconsulting.hu\/en\/who-are-we\/#breadcrumb\"},\"inLanguage\":\"en-US\",\"potentialAction\":[{\"@type\":\"ReadAction\",\"target\":[\"https:\/\/www.okoconsulting.hu\/en\/who-are-we\/\"]}]},{\"@type\":\"BreadcrumbList\",\"@id\":\"https:\/\/www.okoconsulting.hu\/en\/who-are-we\/#breadcrumb\",\"itemListElement\":[{\"@type\":\"ListItem\",\"position\":1,\"name\":\"Kezd\u0151lap\",\"item\":\"https:\/\/www.okoconsulting.hu\/en\/\"},{\"@type\":\"ListItem\",\"position\":2,\"name\":\"Who are we\"}]},{\"@type\":\"WebSite\",\"@id\":\"https:\/\/www.okoconsulting.hu\/#website\",\"url\":\"https:\/\/www.okoconsulting.hu\/\",\"name\":\"\u00d6ko Consulting Beruh\u00e1z\u00e1si Projekt Menedzsment\",\"description\":\"\",\"potentialAction\":[{\"@type\":\"SearchAction\",\"target\":{\"@type\":\"EntryPoint\",\"urlTemplate\":\"https:\/\/www.okoconsulting.hu\/?s={search_term_string}\"},\"query-input\":\"required name=search_term_string\"}],\"inLanguage\":\"en-US\"}]}<\/script>\n<!-- \/ Yoast SEO plugin. -->","yoast_head_json":{"title":"Who are we - \u00d6ko Consulting Beruh\u00e1z\u00e1si Projekt Menedzsment","robots":{"index":"index","follow":"follow","max-snippet":"max-snippet:-1","max-image-preview":"max-image-preview:large","max-video-preview":"max-video-preview:-1"},"canonical":"https:\/\/www.okoconsulting.hu\/en\/who-are-we\/","og_locale":"en_US","og_type":"article","og_title":"Who are we - \u00d6ko Consulting Beruh\u00e1z\u00e1si Projekt Menedzsment","og_url":"https:\/\/www.okoconsulting.hu\/en\/who-are-we\/","og_site_name":"\u00d6ko Consulting Beruh\u00e1z\u00e1si Projekt Menedzsment","article_modified_time":"2021-10-16T14:33:48+00:00","twitter_card":"summary_large_image","twitter_misc":{"Est. reading time":"7 minutes"},"schema":{"@context":"https:\/\/schema.org","@graph":[{"@type":"WebPage","@id":"https:\/\/www.okoconsulting.hu\/en\/who-are-we\/","url":"https:\/\/www.okoconsulting.hu\/en\/who-are-we\/","name":"Who are we - \u00d6ko Consulting Beruh\u00e1z\u00e1si Projekt Menedzsment","isPartOf":{"@id":"https:\/\/www.okoconsulting.hu\/#website"},"datePublished":"2021-10-16T14:32:33+00:00","dateModified":"2021-10-16T14:33:48+00:00","breadcrumb":{"@id":"https:\/\/www.okoconsulting.hu\/en\/who-are-we\/#breadcrumb"},"inLanguage":"en-US","potentialAction":[{"@type":"ReadAction","target":["https:\/\/www.okoconsulting.hu\/en\/who-are-we\/"]}]},{"@type":"BreadcrumbList","@id":"https:\/\/www.okoconsulting.hu\/en\/who-are-we\/#breadcrumb","itemListElement":[{"@type":"ListItem","position":1,"name":"Kezd\u0151lap","item":"https:\/\/www.okoconsulting.hu\/en\/"},{"@type":"ListItem","position":2,"name":"Who are we"}]},{"@type":"WebSite","@id":"https:\/\/www.okoconsulting.hu\/#website","url":"https:\/\/www.okoconsulting.hu\/","name":"\u00d6ko Consulting Beruh\u00e1z\u00e1si Projekt Menedzsment","description":"","potentialAction":[{"@type":"SearchAction","target":{"@type":"EntryPoint","urlTemplate":"https:\/\/www.okoconsulting.hu\/?s={search_term_string}"},"query-input":"required name=search_term_string"}],"inLanguage":"en-US"}]}},"_links":{"self":[{"href":"https:\/\/www.okoconsulting.hu\/en\/wp-json\/wp\/v2\/pages\/2061"}],"collection":[{"href":"https:\/\/www.okoconsulting.hu\/en\/wp-json\/wp\/v2\/pages"}],"about":[{"href":"https:\/\/www.okoconsulting.hu\/en\/wp-json\/wp\/v2\/types\/page"}],"author":[{"embeddable":true,"href":"https:\/\/www.okoconsulting.hu\/en\/wp-json\/wp\/v2\/users\/1"}],"replies":[{"embeddable":true,"href":"https:\/\/www.okoconsulting.hu\/en\/wp-json\/wp\/v2\/comments?post=2061"}],"version-history":[{"count":4,"href":"https:\/\/www.okoconsulting.hu\/en\/wp-json\/wp\/v2\/pages\/2061\/revisions"}],"predecessor-version":[{"id":2068,"href":"https:\/\/www.okoconsulting.hu\/en\/wp-json\/wp\/v2\/pages\/2061\/revisions\/2068"}],"wp:attachment":[{"href":"https:\/\/www.okoconsulting.hu\/en\/wp-json\/wp\/v2\/media?parent=2061"}],"curies":[{"name":"wp","href":"https:\/\/api.w.org\/{rel}","templated":true}]}}